{"id":3984,"date":"2024-02-06T16:00:35","date_gmt":"2024-02-06T15:00:35","guid":{"rendered":"https:\/\/lorepinto.mx\/?post_type=product&#038;p=3984"},"modified":"2026-03-30T12:08:03","modified_gmt":"2026-03-30T18:08:03","slug":"clase-de-automaquillaje","status":"publish","type":"product","link":"https:\/\/lorepinto.mx\/eng\/product\/clase-de-automaquillaje\/","title":{"rendered":"MAKE UP MASTERCLASS"},"content":{"rendered":"","protected":false},"excerpt":{"rendered":"<blockquote><p>PARA TODA PERSONA QUE QUIERA SACARSE M\u00c1S PROVECHO POR MEDIO DEL MAQUILLAJE.<\/p><\/blockquote>\n<p>Clase privada donde te ense\u00f1ar\u00e9 a maquillarte. Veremos todos los siguientes temas, enfocados 100% en ti. Empezando con colorimetr\u00eda: un b\u00e1sico para entender como funciona el maquillaje, simetr\u00eda facial, tipo de ojos y rostro, tendencias. Te ense\u00f1ar\u00e9 a aplicarte el maquillaje de una manera f\u00e1cil.<\/p>\n<p>MODO:\u00a0 Presencial en: Cant\u00fa 9, piso 2. Anzures, Miguel Hidalgo, CDMX<\/p>\n<p>INCLUYE: Gu\u00eda de Maquillaje impresa \u00a0\/ Coffee Break<\/p>\n<p>DURACI\u00d3N: 3.5 Hrs presencial. D\u00eda a elegir seg\u00fan disponibilidad ( entre semana y ocasionalmente algunos fines de semana)<\/p>","protected":false},"featured_media":4028,"comment_status":"open","ping_status":"closed","template":"","meta":{"site-sidebar-layout":"default","site-content-layout":"","ast-site-content-layout":"default","site-content-style":"default","site-sidebar-style":"default","ast-global-header-display":"","ast-banner-title-visibility":"","ast-main-header-display":"","ast-hfb-above-header-display":"","ast-hfb-below-header-display":"","ast-hfb-mobile-header-display":"","site-post-title":"","ast-breadcrumbs-content":"","ast-featured-img":"","footer-sml-layout":"","ast-disable-related-posts":"","theme-transparent-header-meta":"default","adv-header-id-meta":"","stick-header-meta":"","header-above-stick-meta":"","header-main-stick-meta":"","header-below-stick-meta":"","astra-migrate-meta-layouts":"set","ast-page-background-enabled":"default","ast-page-background-meta":{"desktop":{"background-color":"var(--ast-global-color-4)","background-image":"","background-repeat":"repeat","background-position":"center center","background-size":"auto","background-attachment":"scroll","background-type":"","background-media":"","overlay-type":"","overlay-color":"","overlay-opacity":"","overlay-gradient":""},"tablet":{"background-color":"","background-image":"","background-repeat":"repeat","background-position":"center center","background-size":"auto","background-attachment":"scroll","background-type":"","background-media":"","overlay-type":"","overlay-color":"","overlay-opacity":"","overlay-gradient":""},"mobile":{"background-color":"","background-image":"","background-repeat":"repeat","background-position":"center center","background-size":"auto","background-attachment":"scroll","background-type":"","background-media":"","overlay-type":"","overlay-color":"","overlay-opacity":"","overlay-gradient":""}},"ast-content-background-meta":{"desktop":{"background-color":"var(--ast-global-color-5)","background-image":"","background-repeat":"repeat","background-position":"center center","background-size":"auto","background-attachment":"scroll","background-type":"","background-media":"","overlay-type":"","overlay-color":"","overlay-opacity":"","overlay-gradient":""},"tablet":{"background-color":"var(--ast-global-color-5)","background-image":"","background-repeat":"repeat","background-position":"center center","background-size":"auto","background-attachment":"scroll","background-type":"","background-media":"","overlay-type":"","overlay-color":"","overlay-opacity":"","overlay-gradient":""},"mobile":{"background-color":"var(--ast-global-color-5)","background-image":"","background-repeat":"repeat","background-position":"center center","background-size":"auto","background-attachment":"scroll","background-type":"","background-media":"","overlay-type":"","overlay-color":"","overlay-opacity":"","overlay-gradient":""}}},"product_brand":[],"product_cat":[15],"product_tag":[],"class_list":{"0":"post-3984","1":"product","2":"type-product","3":"status-publish","4":"has-post-thumbnail","6":"product_cat-sin-categorizar","7":"desktop-align-left","8":"tablet-align-left","9":"mobile-align-left","11":"first","12":"instock","13":"shipping-taxable","14":"purchasable","15":"product-type-variable","16":"has-default-attributes"},"_links":{"self":[{"href":"https:\/\/lorepinto.mx\/eng\/wp-json\/wp\/v2\/product\/3984","targetHints":{"allow":["GET"]}}],"collection":[{"href":"https:\/\/lorepinto.mx\/eng\/wp-json\/wp\/v2\/product"}],"about":[{"href":"https:\/\/lorepinto.mx\/eng\/wp-json\/wp\/v2\/types\/product"}],"replies":[{"embeddable":true,"href":"https:\/\/lorepinto.mx\/eng\/wp-json\/wp\/v2\/comments?post=3984"}],"wp:featuredmedia":[{"embeddable":true,"href":"https:\/\/lorepinto.mx\/eng\/wp-json\/wp\/v2\/media\/4028"}],"wp:attachment":[{"href":"https:\/\/lorepinto.mx\/eng\/wp-json\/wp\/v2\/media?parent=3984"}],"wp:term":[{"taxonomy":"product_brand","embeddable":true,"href":"https:\/\/lorepinto.mx\/eng\/wp-json\/wp\/v2\/product_brand?post=3984"},{"taxonomy":"product_cat","embeddable":true,"href":"https:\/\/lorepinto.mx\/eng\/wp-json\/wp\/v2\/product_cat?post=3984"},{"taxonomy":"product_tag","embeddable":true,"href":"https:\/\/lorepinto.mx\/eng\/wp-json\/wp\/v2\/product_tag?post=3984"}],"curies":[{"name":"wp","href":"https:\/\/api.w.org\/{rel}","templated":true}]}}