{"id":5531,"date":"2025-06-22T21:35:41","date_gmt":"2025-06-23T03:35:41","guid":{"rendered":"https:\/\/lorepinto.mx\/?page_id=5531"},"modified":"2025-08-28T15:25:04","modified_gmt":"2025-08-28T21:25:04","slug":"gracias","status":"publish","type":"page","link":"https:\/\/lorepinto.mx\/eng\/gracias\/","title":{"rendered":"Gracias"},"content":{"rendered":"<div data-elementor-type=\"wp-page\" data-elementor-id=\"5531\" class=\"elementor elementor-5531\" data-elementor-post-type=\"page\">\n\t\t\t\t<div class=\"elementor-element elementor-element-900b845 e-flex e-con-boxed e-con e-parent\" data-id=\"900b845\" data-element_type=\"container\" data-e-type=\"container\">\n\t\t\t\t\t<div class=\"e-con-inner\">\n\t\t<div class=\"elementor-element elementor-element-1ab596f e-con-full e-flex e-con e-child\" data-id=\"1ab596f\" data-element_type=\"container\" data-e-type=\"container\">\n\t\t\t\t<\/div>\n\t\t<div class=\"elementor-element elementor-element-3d290f6 e-con-full e-flex e-con e-child\" data-id=\"3d290f6\" data-element_type=\"container\" data-e-type=\"container\">\n\t\t\t\t<div class=\"elementor-element elementor-element-ffadc61 elementor-widget elementor-widget-spacer\" data-id=\"ffadc61\" data-element_type=\"widget\" data-e-type=\"widget\" data-widget_type=\"spacer.default\">\n\t\t\t\t<div class=\"elementor-widget-container\">\n\t\t\t\t\t\t\t<div class=\"elementor-spacer\">\n\t\t\t<div class=\"elementor-spacer-inner\"><\/div>\n\t\t<\/div>\n\t\t\t\t\t\t<\/div>\n\t\t\t\t<\/div>\n\t\t\t\t<div class=\"elementor-element elementor-element-440ff04 elementor-widget elementor-widget-image\" data-id=\"440ff04\" data-element_type=\"widget\" data-e-type=\"widget\" data-widget_type=\"image.default\">\n\t\t\t\t<div class=\"elementor-widget-container\">\n\t\t\t\t\t\t\t\t\t\t\t\t\t\t\t\t<a href=\"https:\/\/lorepinto.mx\/eng\/\">\n\t\t\t\t\t\t\t<img fetchpriority=\"high\" decoding=\"async\" width=\"1024\" height=\"219\" src=\"https:\/\/lorepinto.mx\/wp-content\/uploads\/2024\/02\/Captura-de-pantalla-2024-02-15-a-las-9.42.01\u202fp.m-1024x219.png\" class=\"attachment-large size-large wp-image-4520\" alt=\"\" srcset=\"https:\/\/lorepinto.mx\/wp-content\/uploads\/2024\/02\/Captura-de-pantalla-2024-02-15-a-las-9.42.01\u202fp.m-1024x219.png 1024w, https:\/\/lorepinto.mx\/wp-content\/uploads\/2024\/02\/Captura-de-pantalla-2024-02-15-a-las-9.42.01\u202fp.m-300x64.png 300w, https:\/\/lorepinto.mx\/wp-content\/uploads\/2024\/02\/Captura-de-pantalla-2024-02-15-a-las-9.42.01\u202fp.m-768x164.png 768w, https:\/\/lorepinto.mx\/wp-content\/uploads\/2024\/02\/Captura-de-pantalla-2024-02-15-a-las-9.42.01\u202fp.m-1536x328.png 1536w, https:\/\/lorepinto.mx\/wp-content\/uploads\/2024\/02\/Captura-de-pantalla-2024-02-15-a-las-9.42.01\u202fp.m-2048x438.png 2048w, https:\/\/lorepinto.mx\/wp-content\/uploads\/2024\/02\/Captura-de-pantalla-2024-02-15-a-las-9.42.01\u202fp.m-600x128.png 600w\" sizes=\"(max-width: 1024px) 100vw, 1024px\" \/>\t\t\t\t\t\t\t\t<\/a>\n\t\t\t\t\t\t\t\t\t\t\t\t\t\t\t<\/div>\n\t\t\t\t<\/div>\n\t\t\t\t<div class=\"elementor-element elementor-element-c0eacf0 elementor-widget elementor-widget-spacer\" data-id=\"c0eacf0\" data-element_type=\"widget\" data-e-type=\"widget\" data-widget_type=\"spacer.default\">\n\t\t\t\t<div class=\"elementor-widget-container\">\n\t\t\t\t\t\t\t<div class=\"elementor-spacer\">\n\t\t\t<div class=\"elementor-spacer-inner\"><\/div>\n\t\t<\/div>\n\t\t\t\t\t\t<\/div>\n\t\t\t\t<\/div>\n\t\t\t\t<div class=\"elementor-element elementor-element-370ba3c elementor-widget elementor-widget-heading\" data-id=\"370ba3c\" data-element_type=\"widget\" data-e-type=\"widget\" data-widget_type=\"heading.default\">\n\t\t\t\t<div class=\"elementor-widget-container\">\n\t\t\t\t\t<h2 class=\"elementor-heading-title elementor-size-default\">\u00a1Muchas gracias!<br><br>\nPronto recibir\u00e1s un correo con la informaci\u00f3n solicitada.\nNo olvides revisar tu carpeta de spam! Solemos contestar r\u00e1pido.<\/h2>\t\t\t\t<\/div>\n\t\t\t\t<\/div>\n\t\t\t\t<\/div>\n\t\t<div class=\"elementor-element elementor-element-dac81bf e-con-full e-flex e-con e-child\" data-id=\"dac81bf\" data-element_type=\"container\" data-e-type=\"container\">\n\t\t\t\t<\/div>\n\t\t\t\t\t<\/div>\n\t\t\t\t<\/div>\n\t\t\t\t<\/div>","protected":false},"excerpt":{"rendered":"<p>\u00a1Muchas gracias! Pronto recibir\u00e1s un correo con la informaci\u00f3n solicitada. No olvides revisar tu carpeta de spam! Solemos contestar r\u00e1pido.<\/p>","protected":false},"author":2,"featured_media":0,"parent":0,"menu_order":0,"comment_status":"closed","ping_status":"closed","template":"","meta":{"site-sidebar-layout":"no-sidebar","site-content-layout":"","ast-site-content-layout":"full-width-container","site-content-style":"default","site-sidebar-style":"default","ast-global-header-display":"","ast-banner-title-visibility":"","ast-main-header-display":"","ast-hfb-above-header-display":"","ast-hfb-below-header-display":"","ast-hfb-mobile-header-display":"","site-post-title":"disabled","ast-breadcrumbs-content":"","ast-featured-img":"disabled","footer-sml-layout":"","ast-disable-related-posts":"","theme-transparent-header-meta":"","adv-header-id-meta":"","stick-header-meta":"","header-above-stick-meta":"","header-main-stick-meta":"","header-below-stick-meta":"","astra-migrate-meta-layouts":"default","ast-page-background-enabled":"default","ast-page-background-meta":{"desktop":{"background-color":"var(--ast-global-color-4)","background-image":"","background-repeat":"repeat","background-position":"center center","background-size":"auto","background-attachment":"scroll","background-type":"","background-media":"","overlay-type":"","overlay-color":"","overlay-opacity":"","overlay-gradient":""},"tablet":{"background-color":"","background-image":"","background-repeat":"repeat","background-position":"center center","background-size":"auto","background-attachment":"scroll","background-type":"","background-media":"","overlay-type":"","overlay-color":"","overlay-opacity":"","overlay-gradient":""},"mobile":{"background-color":"","background-image":"","background-repeat":"repeat","background-position":"center center","background-size":"auto","background-attachment":"scroll","background-type":"","background-media":"","overlay-type":"","overlay-color":"","overlay-opacity":"","overlay-gradient":""}},"ast-content-background-meta":{"desktop":{"background-color":"var(--ast-global-color-5)","background-image":"","background-repeat":"repeat","background-position":"center center","background-size":"auto","background-attachment":"scroll","background-type":"","background-media":"","overlay-type":"","overlay-color":"","overlay-opacity":"","overlay-gradient":""},"tablet":{"background-color":"var(--ast-global-color-5)","background-image":"","background-repeat":"repeat","background-position":"center center","background-size":"auto","background-attachment":"scroll","background-type":"","background-media":"","overlay-type":"","overlay-color":"","overlay-opacity":"","overlay-gradient":""},"mobile":{"background-color":"var(--ast-global-color-5)","background-image":"","background-repeat":"repeat","background-position":"center center","background-size":"auto","background-attachment":"scroll","background-type":"","background-media":"","overlay-type":"","overlay-color":"","overlay-opacity":"","overlay-gradient":""}},"footnotes":""},"class_list":["post-5531","page","type-page","status-publish","hentry"],"_links":{"self":[{"href":"https:\/\/lorepinto.mx\/eng\/wp-json\/wp\/v2\/pages\/5531","targetHints":{"allow":["GET"]}}],"collection":[{"href":"https:\/\/lorepinto.mx\/eng\/wp-json\/wp\/v2\/pages"}],"about":[{"href":"https:\/\/lorepinto.mx\/eng\/wp-json\/wp\/v2\/types\/page"}],"author":[{"embeddable":true,"href":"https:\/\/lorepinto.mx\/eng\/wp-json\/wp\/v2\/users\/2"}],"replies":[{"embeddable":true,"href":"https:\/\/lorepinto.mx\/eng\/wp-json\/wp\/v2\/comments?post=5531"}],"version-history":[{"count":10,"href":"https:\/\/lorepinto.mx\/eng\/wp-json\/wp\/v2\/pages\/5531\/revisions"}],"predecessor-version":[{"id":5678,"href":"https:\/\/lorepinto.mx\/eng\/wp-json\/wp\/v2\/pages\/5531\/revisions\/5678"}],"wp:attachment":[{"href":"https:\/\/lorepinto.mx\/eng\/wp-json\/wp\/v2\/media?parent=5531"}],"curies":[{"name":"wp","href":"https:\/\/api.w.org\/{rel}","templated":true}]}}