{"id":3,"date":"2023-12-18T19:54:36","date_gmt":"2023-12-18T18:54:36","guid":{"rendered":"https:\/\/lorepinto.mx\/?page_id=3"},"modified":"2025-05-05T10:08:10","modified_gmt":"2025-05-05T16:08:10","slug":"politica-privacidad","status":"publish","type":"page","link":"https:\/\/lorepinto.mx\/eng\/politica-privacidad\/","title":{"rendered":"Pol\u00edtica de privacidad"},"content":{"rendered":"<div data-elementor-type=\"wp-page\" data-elementor-id=\"3\" class=\"elementor elementor-3\" data-elementor-post-type=\"page\">\n\t\t\t\t<div class=\"elementor-element elementor-element-2c3cf8df e-flex e-con-boxed e-con e-parent\" data-id=\"2c3cf8df\" data-element_type=\"container\" data-e-type=\"container\">\n\t\t\t\t\t<div class=\"e-con-inner\">\n\t\t<div class=\"elementor-element elementor-element-58439b47 e-con-full e-flex e-con e-child\" data-id=\"58439b47\" data-element_type=\"container\" data-e-type=\"container\">\n\t\t\t\t<div class=\"elementor-element elementor-element-2b8bef46 elementor-widget elementor-widget-button\" data-id=\"2b8bef46\" data-element_type=\"widget\" data-e-type=\"widget\" data-widget_type=\"button.default\">\n\t\t\t\t<div class=\"elementor-widget-container\">\n\t\t\t\t\t\t\t\t\t<div class=\"elementor-button-wrapper\">\n\t\t\t\t\t<a class=\"elementor-button elementor-button-link elementor-size-sm\" href=\"https:\/\/lorepinto.mx\/eng\/\">\n\t\t\t\t\t\t<span class=\"elementor-button-content-wrapper\">\n\t\t\t\t\t\t\t\t\t<span class=\"elementor-button-text\">&lt; INICIO<\/span>\n\t\t\t\t\t<\/span>\n\t\t\t\t\t<\/a>\n\t\t\t\t<\/div>\n\t\t\t\t\t\t\t\t<\/div>\n\t\t\t\t<\/div>\n\t\t\t\t<\/div>\n\t\t<div class=\"elementor-element elementor-element-c4c4202 e-con-full e-flex e-con e-child\" data-id=\"c4c4202\" data-element_type=\"container\" data-e-type=\"container\">\n\t\t\t\t<div class=\"elementor-element elementor-element-4c48c048 elementor-widget elementor-widget-heading\" data-id=\"4c48c048\" data-element_type=\"widget\" data-e-type=\"widget\" data-widget_type=\"heading.default\">\n\t\t\t\t<div class=\"elementor-widget-container\">\n\t\t\t\t\t<h2 class=\"elementor-heading-title elementor-size-default\">AVISO DE PRIVACIDAD<\/h2>\t\t\t\t<\/div>\n\t\t\t\t<\/div>\n\t\t\t\t<\/div>\n\t\t<div class=\"elementor-element elementor-element-3ad38021 e-con-full e-flex e-con e-child\" data-id=\"3ad38021\" data-element_type=\"container\" data-e-type=\"container\">\n\t\t\t\t<\/div>\n\t\t\t\t\t<\/div>\n\t\t\t\t<\/div>\n\t\t<div class=\"elementor-element elementor-element-1a43b6a e-flex e-con-boxed e-con e-parent\" data-id=\"1a43b6a\" data-element_type=\"container\" data-e-type=\"container\">\n\t\t\t\t\t<div class=\"e-con-inner\">\n\t\t\t\t<div class=\"elementor-element elementor-element-4f2cd40 elementor-widget elementor-widget-text-editor\" data-id=\"4f2cd40\" data-element_type=\"widget\" data-e-type=\"widget\" data-widget_type=\"text-editor.default\">\n\t\t\t\t<div class=\"elementor-widget-container\">\n\t\t\t\t\t\t\t\t\t<p class=\"p1\">En cumplimiento al deber de resguardo de informaci\u00f3n y de datos personales y con fundamento en los dispuesto por los art\u00edculos 3 fracci\u00f3n I, 8, 12, 15, 16 y dem\u00e1s relativos de la Ley Federal de Protecci\u00f3n de Datos Personales en Posesi\u00f3n de Particulares, Lorena Pinto Bugarin, con nombre comercial Lore Pinto Beauty, pone a su disposici\u00f3n el presente Aviso de Privacidad.<\/p><p class=\"p1\"><b>IDENTIDAD Y DOMICILIO DEL RESPONSABLE DE LA PROTECCI\u00d3N DE DATOS PERSONALES<\/b><\/p><p class=\"p1\">Lorena Pinto Bugarin, con nombre comercial Lore Pinto Beauty, ubicado en Cant\u00fa 9- Int: 204, Miguel Hidalgo, CP 11590, CDMX, es la persona responsable del uso y protecci\u00f3n de sus datos personales.<\/p><p class=\"p1\"><b>DATOS PERSONALES UTILIZADOS<\/b><\/p><p class=\"p1\">Para llevar a cabo las finalidades descritas en este Aviso de Privacidad, haremos uso de los siguientes datos personales:<\/p><p class=\"p1\">a) Datos de contacto<\/p><p class=\"p1\">b) Datos de identificaci\u00f3n<\/p><p class=\"p1\">c) Datos sobre caracter\u00edsticas f\u00edsicas<\/p><p class=\"p1\">d) Datos de facturaci\u00f3n<\/p><p class=\"p1\">e) Datos laborales<\/p><p class=\"p1\">f) Datos acad\u00e9micos<\/p><p class=\"p1\">Adem\u00e1s de los datos personales mencionados, utilizaremos los siguientes datos sensibles, que requieren de especial protecci\u00f3n:<\/p><p class=\"p1\">a) Datos de origen \u00e9tnico o racial<\/p><p class=\"p1\"><b>COOKIES, WEB BEACONS Y TECNOLOG\u00cdAS SIMILARES<\/b><\/p><p class=\"p1\">Utilizamos cookies, web beacons y\/o tecnolog\u00edas similares para mejorar su experiencia en nuestro sitio web. Estas herramientas recopilan informaci\u00f3n como su direcci\u00f3n IP, tipo de navegador, p\u00e1ginas visitadas y la duraci\u00f3n de su visita. Esta informaci\u00f3n se puede utilizar para analizar tendencias, administrar el sitio y mejorar nuestros servicios. Puede deshabilitar estas tecnolog\u00edas en la configuraci\u00f3n de su navegador, pero tenga en cuenta que esto podr\u00eda afectar la funcionalidad del sitio.<\/p><p class=\"p1\"><b>MEDIDAS DE SEGURIDAD Y TIEMPO DE CONSERVACI\u00d3N<\/b><\/p><p class=\"p1\">Hemos implementado medidas de seguridad t\u00e9cnicas, administrativas y f\u00edsicas para resguardar la seguridad de sus datos personales, cumpliendo con los est\u00e1ndares legales.<\/p><p class=\"p1\">La retenci\u00f3n de sus datos se extender\u00e1 por un periodo de 12 meses , en consonancia con los prop\u00f3sitos expuestos en este aviso y los plazos legales correspondientes.<\/p><p class=\"p1\"><b>FINALIDADES DEL TRATAMIENTO DE DATOS PERSONALES<\/b><\/p><p class=\"p1\">Utilizaremos los datos recabados para las siguientes finalidades, que son necesarias para el servicio solicitado:<\/p><p class=\"p1\">a) Finalidad de contacto, aclaraciones y comunicaci\u00f3n<\/p><p class=\"p1\">b) Finalidad de facturaci\u00f3n y cobro<\/p><p class=\"p1\">c) Finalidad de env\u00edo y entrega de productos y servicios<\/p><p class=\"p1\">d) Finalidad de establecer una relaci\u00f3n comercial<\/p><p class=\"p1\">De manera adicional, utilizaremos su informaci\u00f3n personal para las siguientes finalidades, que no son necesarias para el servicio solicitado, pero que nos permiten y facilitan brindarle una mejor atenci\u00f3n:<\/p><p class=\"p1\">a) Finalidad de enviar informaci\u00f3n promocional<\/p><p class=\"p1\">b) Finalidad de realizar encuestas de satisfacci\u00f3n<\/p><p class=\"p1\"><b>TRANSFERENCIAS DE DATOS QUE SE EFECT\u00daEN<\/b><\/p><p class=\"p1\">No compartiremos sus datos personales con terceros, salvo por requerimientos legales. Los datos ser\u00e1n utilizados exclusivamente para los fines se\u00f1alados en este Aviso de Privacidad.<\/p><p class=\"p1\"><b>MEDIOS PARA EJERCER LOS DERECHOS DE ACCESO, RECTIFICACI\u00d3N, CANCELACI\u00d3N U OPOSICI\u00d3N<\/b><\/p><p class=\"p1\">Usted tiene el derecho de conocer los datos personales que tenemos sobre usted, as\u00ed como su utilizaci\u00f3n y las condiciones bajo las cuales son tratados (Derecho de Acceso). De igual manera, le asiste el derecho de solicitar la correcci\u00f3n de su informaci\u00f3n personal en caso de estar desactualizada, inexacta o incompleta (Derecho de Rectificaci\u00f3n); requerir la eliminaci\u00f3n de sus datos de nuestros registros o bases de datos si considera que su uso no concuerda con los principios, deberes y obligaciones establecidos por la normativa (Derecho de Cancelaci\u00f3n); as\u00ed como oponerse al tratamiento de sus datos personales para fines espec\u00edficos (Derecho de Oposici\u00f3n). Estos derechos son conocidos como derechos ARCO.<\/p><p class=\"p1\">A continuaci\u00f3n, proporcionamos los datos de contacto de la persona o departamento encargado de gestionar las solicitudes relacionadas con los derechos ARCO:<\/p><p class=\"p1\">Nombre: Lorena Pinto Bugarin<br \/>Domicilio: Cant\u00fa 9 &#8211; Int: 204, Miguel Hidalgo, 11590, CDMX<br \/>Correo electr\u00f3nico:\u00a0contacto@lorepinto.mx <br \/>Si desea ejercer los derechos de acceso, rectificaci\u00f3n, cancelaci\u00f3n u oposici\u00f3n del tratamiento de sus datos personales o limitar su divulgaci\u00f3n, puede presentar la solicitud respectiva a trav\u00e9s del siguiente correo electr\u00f3nico:\u00a0contacto@lorepinto.mx<br \/>La respuesta a su solicitud ser\u00e1 comunicada de la siguiente manera:<br \/>Las respuestas ser\u00e1n enviadas por correo electr\u00f3nico a la direcci\u00f3n enviada por el solicitante. El plazo para brindar respuesta a su solicitud ser\u00e1 el siguiente: 20 d\u00edas h\u00e1biles.<\/p><p class=\"p1\"><b>OPCIONES Y MEDIOS QUE EL RESPONSABLE OFREZCA A LOS TITULARES PARA LIMITAR EL USO O DIVULGACI\u00d3N DE LOS DATOS<\/b><\/p><p class=\"p1\">Si desea revocar el consentimiento otorgado para el tratamiento de sus datos personales o limitar su divulgaci\u00f3n, puede presentar la solicitud respectiva a trav\u00e9s del siguiente correo electr\u00f3nico:<\/p><p class=\"p2\"><span class=\"s3\"><a href=\"mailto:contacto@lorepinto.mx\">contacto@lorepinto.mx<\/a><\/span><\/p><p class=\"p1\">La comunicaci\u00f3n de la respuesta a la solicitud de revocaci\u00f3n o limitaci\u00f3n de divulgaci\u00f3n de sus datos se llevar\u00e1 a cabo de la siguiente forma:<\/p><p class=\"p1\">Las respuestas ser\u00e1n enviadas mediante correo electr\u00f3nico a la direcci\u00f3n electr\u00f3nica proporcionada por el solicitante<\/p><p class=\"p1\">La respuesta a la solicitud de revocaci\u00f3n o limitaci\u00f3n de divulgaci\u00f3n de sus datos se proporcionar\u00e1 en un plazo m\u00e1ximo de: 20 d\u00edas h\u00e1biles.<\/p><p class=\"p1\"><b>CAMBIOS AL AVISO DE PRIVACIDAD<\/b><\/p><p class=\"p1\">El presente aviso de privacidad puede sufrir modificaciones, cambios o actualizaciones derivadas de nuevos requerimientos legales; de nuestras propias necesidades por los productos o servicios que ofrecemos; de nuestras pr\u00e1cticas de privacidad; de cambios en nuestro modelo de negocio, o por otras causas, por lo cual, nos comprometemos a mantenerlo informado sobre los cambios que pueda sufrir el presente aviso de privacidad sin embargo, usted puede solicitar informaci\u00f3n sobre si el mismo ha sufrido alg\u00fan cambio a trav\u00e9s del siguiente correo: contacto@lorepinto.mx<\/p>\t\t\t\t\t\t\t\t<\/div>\n\t\t\t\t<\/div>\n\t\t\t\t\t<\/div>\n\t\t\t\t<\/div>\n\t\t\t\t<\/div>","protected":false},"excerpt":{"rendered":"<p>< INICIO AVISO DE PRIVACIDAD En cumplimiento al deber de resguardo de informaci\u00f3n y de datos personales y con fundamento [&hellip;]\n<\/p>\n","protected":false},"author":1,"featured_media":0,"parent":0,"menu_order":0,"comment_status":"closed","ping_status":"open","template":"","meta":{"site-sidebar-layout":"default","site-content-layout":"","ast-site-content-layout":"default","site-content-style":"default","site-sidebar-style":"default","ast-global-header-display":"","ast-banner-title-visibility":"","ast-main-header-display":"","ast-hfb-above-header-display":"","ast-hfb-below-header-display":"","ast-hfb-mobile-header-display":"","site-post-title":"disabled","ast-breadcrumbs-content":"","ast-featured-img":"","footer-sml-layout":"","ast-disable-related-posts":"","theme-transparent-header-meta":"","adv-header-id-meta":"","stick-header-meta":"","header-above-stick-meta":"","header-main-stick-meta":"","header-below-stick-meta":"","astra-migrate-meta-layouts":"default","ast-page-background-enabled":"default","ast-page-background-meta":{"desktop":{"background-color":"var(--ast-global-color-4)","background-image":"","background-repeat":"repeat","background-position":"center center","background-size":"auto","background-attachment":"scroll","background-type":"","background-media":"","overlay-type":"","overlay-color":"","overlay-opacity":"","overlay-gradient":""},"tablet":{"background-color":"","background-image":"","background-repeat":"repeat","background-position":"center center","background-size":"auto","background-attachment":"scroll","background-type":"","background-media":"","overlay-type":"","overlay-color":"","overlay-opacity":"","overlay-gradient":""},"mobile":{"background-color":"","background-image":"","background-repeat":"repeat","background-position":"center center","background-size":"auto","background-attachment":"scroll","background-type":"","background-media":"","overlay-type":"","overlay-color":"","overlay-opacity":"","overlay-gradient":""}},"ast-content-background-meta":{"desktop":{"background-color":"var(--ast-global-color-5)","background-image":"","background-repeat":"repeat","background-position":"center center","background-size":"auto","background-attachment":"scroll","background-type":"","background-media":"","overlay-type":"","overlay-color":"","overlay-opacity":"","overlay-gradient":""},"tablet":{"background-color":"var(--ast-global-color-5)","background-image":"","background-repeat":"repeat","background-position":"center center","background-size":"auto","background-attachment":"scroll","background-type":"","background-media":"","overlay-type":"","overlay-color":"","overlay-opacity":"","overlay-gradient":""},"mobile":{"background-color":"var(--ast-global-color-5)","background-image":"","background-repeat":"repeat","background-position":"center center","background-size":"auto","background-attachment":"scroll","background-type":"","background-media":"","overlay-type":"","overlay-color":"","overlay-opacity":"","overlay-gradient":""}},"footnotes":""},"class_list":["post-3","page","type-page","status-publish","hentry"],"_links":{"self":[{"href":"https:\/\/lorepinto.mx\/eng\/wp-json\/wp\/v2\/pages\/3","targetHints":{"allow":["GET"]}}],"collection":[{"href":"https:\/\/lorepinto.mx\/eng\/wp-json\/wp\/v2\/pages"}],"about":[{"href":"https:\/\/lorepinto.mx\/eng\/wp-json\/wp\/v2\/types\/page"}],"author":[{"embeddable":true,"href":"https:\/\/lorepinto.mx\/eng\/wp-json\/wp\/v2\/users\/1"}],"replies":[{"embeddable":true,"href":"https:\/\/lorepinto.mx\/eng\/wp-json\/wp\/v2\/comments?post=3"}],"version-history":[{"count":22,"href":"https:\/\/lorepinto.mx\/eng\/wp-json\/wp\/v2\/pages\/3\/revisions"}],"predecessor-version":[{"id":5356,"href":"https:\/\/lorepinto.mx\/eng\/wp-json\/wp\/v2\/pages\/3\/revisions\/5356"}],"wp:attachment":[{"href":"https:\/\/lorepinto.mx\/eng\/wp-json\/wp\/v2\/media?parent=3"}],"curies":[{"name":"wp","href":"https:\/\/api.w.org\/{rel}","templated":true}]}}